{"id":3,"date":"2025-01-09T11:16:33","date_gmt":"2025-01-09T10:16:33","guid":{"rendered":"http:\/\/asjvpcb.cluster100.hosting.ovh.net\/?page_id=3"},"modified":"2025-01-21T16:13:23","modified_gmt":"2025-01-21T15:13:23","slug":"politique-de-confidentialite","status":"publish","type":"page","link":"https:\/\/defie-cnrs.fr\/index.php\/politique-de-confidentialite\/","title":{"rendered":"Politique de confidentialit\u00e9"},"content":{"rendered":"\t\t<div data-elementor-type=\"wp-page\" data-elementor-id=\"3\" class=\"elementor elementor-3\">\n\t\t\t\t<div class=\"elementor-element elementor-element-be98ee0 e-flex e-con-boxed e-con e-parent\" data-id=\"be98ee0\" data-element_type=\"container\" data-e-type=\"container\">\n\t\t\t\t\t<div class=\"e-con-inner\">\n\t\t<div class=\"elementor-element elementor-element-85b50f0 e-con-full e-flex e-con e-child\" data-id=\"85b50f0\" data-element_type=\"container\" data-e-type=\"container\">\n\t\t\t\t<div class=\"elementor-element elementor-element-4ea8958 elementor-widget elementor-widget-text-editor\" data-id=\"4ea8958\" data-element_type=\"widget\" data-e-type=\"widget\" data-widget_type=\"text-editor.default\">\n\t\t\t\t<div class=\"elementor-widget-container\">\n\t\t\t\t\t\t\t\t\t<h1 id=\"m_1557163450356847840docs-internal-guid-a7588c60-7fff-3d0d-f596-1ee8a0ef04f9\" dir=\"ltr\"><strong><span style=\"color: #6ec1e4;\">Mentions l\u00e9gales<\/span><\/strong><\/h1>\n<h4 dir=\"ltr\">\u00c9diteur du site<\/h4>\n<p dir=\"ltr\">Le site<a href=\"https:\/\/defie-cnrs.fr\/\" target=\"_blank\" rel=\"noopener\" data-saferedirecturl=\"https:\/\/www.google.com\/url?q=https:\/\/defie-cnrs.fr\/&amp;source=gmail&amp;ust=1737557691782000&amp;usg=AOvVaw3ZStGGA9dU8zvYUf6LwGAn\"> https:\/\/defie-cnrs.fr\/<\/a> est \u00e9dit\u00e9 par le Groupement de Recherche DEFIE, un groupement de recherche (GDR) du Centre National de la Recherche Scientifique (CNRS) sur les Dispositifs \u00c9lectroniques \u00e0 Faibles Impacts Environnementaux (DEFIE).<br \/>Directeur de publication : Pascal Xavier (Directeur du GDR DEFIE)<br \/>Adresse : Laboratoire CROMA &#8211; UMR5130, 3, Parvis Louis N\u00e9el, CS 50257, 38016 GRENOBLE Cedex 1<br \/>Email : <a href=\"mailto:pascal.xavier1@grenoble-inp.fr\" target=\"_blank\" rel=\"noopener\">pascal.xavier1@grenoble-inp.fr<\/a><\/p>\n<h4 dir=\"ltr\">H\u00e9bergement du site<\/h4>\n<p dir=\"ltr\">Le site est h\u00e9berg\u00e9 par : OVH<\/p>\n<p>SAS au capital de 50 000 000 \u20ac<\/p>\n<p>RCS Lille M\u00e9tropole 424 761 419 00045<br \/>Code APE 2620Z<br \/>N\u00b0 TVA : FR 22 424 761 419<br \/>Si\u00e8ge social : 2 rue Kellermann &#8211; 59100 Roubaix &#8211; France<\/p>\n<h4 dir=\"ltr\">Propri\u00e9t\u00e9 intellectuelle<\/h4>\n<p dir=\"ltr\">Le contenu du site (textes, images, graphismes, documents t\u00e9l\u00e9chargeables, etc.) est la propri\u00e9t\u00e9 exclusive du GDR DEFIE ou de ses partenaires et est prot\u00e9g\u00e9 par les lois relatives \u00e0 la propri\u00e9t\u00e9 intellectuelle. Toute reproduction, repr\u00e9sentation, modification ou diffusion, int\u00e9grale ou partielle, sans autorisation pr\u00e9alable est interdite, sauf mention contraire.<\/p>\n<p dir=\"ltr\"><strong>Clause de non-responsabilit\u00e9<\/strong><br \/>La responsabilit\u00e9 du GDR DEFIE ne peut \u00eatre engag\u00e9e quant au contenu des informations figurant sur ce site ou aux cons\u00e9quences pouvant r\u00e9sulter de leur utilisation ou interpr\u00e9tation.<\/p>\t\t\t\t\t\t\t\t<\/div>\n\t\t\t\t<\/div>\n\t\t\t\t<\/div>\n\t\t<div class=\"elementor-element elementor-element-993d9f4 e-con-full e-flex e-con e-child\" data-id=\"993d9f4\" data-element_type=\"container\" data-e-type=\"container\">\n\t\t\t\t<div class=\"elementor-element elementor-element-4787f0 elementor-widget elementor-widget-text-editor\" data-id=\"4787f0\" data-element_type=\"widget\" data-e-type=\"widget\" data-widget_type=\"text-editor.default\">\n\t\t\t\t<div class=\"elementor-widget-container\">\n\t\t\t\t\t\t\t\t\t\n<h1 style=\"text-align: center;\"><span style=\"color: #6ec1e4;\"><b><span style=\"color: #6ec1e4;\">Politique<\/span> de Protection des Donn\u00e9es Personnelles (RGPD) du site <a style=\"color: #6ec1e4;\" href=\"https:\/\/defie-cnrs.fr\/\" target=\"_blank\" rel=\"noopener\" data-saferedirecturl=\"https:\/\/www.google.com\/url?q=https:\/\/defie-cnrs.fr&amp;source=gmail&amp;ust=1737552700709000&amp;usg=AOvVaw1REY4v4Y4RWvSPllDfwZDR\">https:\/\/defie-cnrs.fr<\/a><\/b><\/span><\/h1>\n<p>\u00a0<\/p>\n<p><strong>1. Pr\u00e9ambule<\/strong>\u00a0Le site\u00a0<a href=\"https:\/\/defie-cnrs.fr\/\" target=\"_blank\" rel=\"noopener\" data-saferedirecturl=\"https:\/\/www.google.com\/url?q=https:\/\/defie-cnrs.fr&amp;source=gmail&amp;ust=1737552700709000&amp;usg=AOvVaw1REY4v4Y4RWvSPllDfwZDR\"><strong>https:\/\/defie-cnrs.fr<\/strong><\/a>\u00a0est une plateforme d\u00e9di\u00e9e \u00e0 la constitution d\u2019un annuaire g\u00e9or\u00e9f\u00e9renc\u00e9 des membres du Groupement de Recherche (GDR) du CNRS sur les Dispositifs \u00c9lectroniques \u00e0 Faibles Impacts Environnementaux (DEFIE). La pr\u00e9sente politique vise \u00e0 informer les membres sur la collecte, le traitement et la protection de leurs donn\u00e9es personnelles en conformit\u00e9 avec le R\u00e8glement G\u00e9n\u00e9ral sur la Protection des Donn\u00e9es (RGPD).<\/p>\n<p><strong>2. Donn\u00e9es collect\u00e9es<\/strong>\u00a0Dans le cadre de l\u2019inscription et de la gestion de l\u2019annuaire, nous collectons les donn\u00e9es suivantes :<\/p>\n<ul>\n<li>\n<p>Nom et pr\u00e9nom<\/p>\n<\/li>\n<li>\n<p>Adresse e-mail professionnelle<\/p>\n<\/li>\n<li>\n<p>Num\u00e9ro de t\u00e9l\u00e9phone<\/p>\n<\/li>\n<li>\n<p>Site internet (le cas \u00e9ch\u00e9ant)<\/p>\n<\/li>\n<li>\n<p>Fonction, Laboratoire et \u00e9quipe<\/p>\n<\/li>\n<li>\n<p>Adresse postale et coordonn\u00e9es g\u00e9ographiques professionnelles<\/p>\n<\/li>\n<\/ul>\n<p><strong>3. Finalit\u00e9s du traitement<\/strong>\u00a0Les donn\u00e9es personnelles collect\u00e9es sont utilis\u00e9es uniquement aux fins suivantes :<\/p>\n<ul>\n<li>\n<p>Cr\u00e9ation et mise \u00e0 jour de l\u2019annuaire des membres du GDR DEFIE<\/p>\n<\/li>\n<li>\n<p>Affichage des informations de contact pour faciliter la collaboration scientifique<\/p>\n<\/li>\n<li>\n<p>G\u00e9or\u00e9f\u00e9rencement des membres sur une carte interactive<\/p>\n<\/li>\n<li>\n<p>Communication interne au sein du groupement<\/p>\n<\/li>\n<\/ul>\n<p><strong>4. Base l\u00e9gale du traitement<\/strong>\u00a0Le traitement des donn\u00e9es repose sur le\u00a0<strong>consentement des membres<\/strong>\u00a0lors de leur inscription et sur l\u2019<strong>int\u00e9r\u00eat l\u00e9gitime<\/strong>\u00a0du GDR DEFIE pour assurer la mise en r\u00e9seau des chercheurs et experts du domaine.<\/p>\n<p><strong>5. Dur\u00e9e de conservation<\/strong>\u00a0Les donn\u00e9es sont conserv\u00e9es pendant la dur\u00e9e de l\u2019adh\u00e9sion du membre au GDR DEFIE et supprim\u00e9es ou anonymis\u00e9es\u00a0<strong>trois ans apr\u00e8s la fin de l\u2019adh\u00e9sion<\/strong>, sauf obligation l\u00e9gale contraire.<\/p>\n<p><strong>6. Droits des membres<\/strong>\u00a0Conform\u00e9ment au RGPD, chaque membre dispose des droits suivants :<\/p>\n<ul>\n<li>\n<p><strong>Droit d\u2019acc\u00e8s<\/strong>\u00a0: obtenir une copie des donn\u00e9es personnelles d\u00e9tenues par le site<\/p>\n<\/li>\n<li>\n<p><strong>Droit de rectification<\/strong>\u00a0: demander la correction des informations inexactes ou incompl\u00e8tes<\/p>\n<\/li>\n<li>\n<p><strong>Droit d\u2019opposition<\/strong>\u00a0: refuser l\u2019affichage de ses informations dans l\u2019annuaire<\/p>\n<\/li>\n<li>\n<p><strong>Droit \u00e0 l\u2019effacement<\/strong>\u00a0: demander la suppression de ses donn\u00e9es personnelles<\/p>\n<\/li>\n<li>\n<p><strong>Droit \u00e0 la portabilit\u00e9<\/strong>\u00a0: r\u00e9cup\u00e9rer ses donn\u00e9es dans un format structur\u00e9 et lisible<\/p>\n<\/li>\n<li>\n<p><strong>Droit \u00e0 la limitation du traitement<\/strong>\u00a0: restreindre temporairement l\u2019usage de ses donn\u00e9es<\/p>\n<\/li>\n<\/ul>\n<p>Toute demande relative \u00e0 ces droits peut \u00eatre adress\u00e9e \u00e0 l\u2019adresse suivante :\u00a0<a href=\"mailto:pascal.xavier1@grenoble-inp.fr\" target=\"_blank\" rel=\"noopener\">pascal.xavier1@grenoble-inp.<wbr \/>fr<\/a>.<\/p>\n<p><strong>7. S\u00e9curit\u00e9 des donn\u00e9es<\/strong>\u00a0Nous mettons en \u0153uvre des mesures de s\u00e9curit\u00e9 techniques et organisationnelles pour prot\u00e9ger les donn\u00e9es contre l\u2019acc\u00e8s non autoris\u00e9, la modification, la divulgation ou la destruction.<\/p>\n<p><strong>8. Partage des donn\u00e9es<\/strong>\u00a0Les donn\u00e9es personnelles ne sont accessibles qu\u2019aux membres du GDR DEFIE via l\u2019annuaire. Elles ne sont ni vendues, ni c\u00e9d\u00e9es \u00e0 des tiers sans consentement pr\u00e9alable.<\/p>\n<p><strong>9. Modifications de la politique de confidentialit\u00e9<\/strong>\u00a0Cette politique peut \u00eatre mise \u00e0 jour pour refl\u00e9ter des \u00e9volutions l\u00e9gales ou organisationnelles. Toute modification substantielle sera communiqu\u00e9e aux membres.<\/p>\n<p><strong>10. Contact et r\u00e9clamations<\/strong>\u00a0Pour toute question relative \u00e0 cette politique ou pour exercer vos droits, vous pouvez contacter :\u00a0<a href=\"mailto:pascal.xavier1@grenoble-inp.fr\" target=\"_blank\" rel=\"noopener\">pascal.xavier1@grenoble-inp.fr<\/a><wbr \/>.<\/p>\n<p>Si vous estimez que vos droits ne sont pas respect\u00e9s, vous avez la possibilit\u00e9 de d\u00e9poser une r\u00e9clamation aupr\u00e8s de la\u00a0<strong>Commission Nationale de l\u2019Informatique et des Libert\u00e9s (CNIL)<\/strong>\u00a0via son site :\u00a0<a href=\"https:\/\/www.cnil.fr\/\" target=\"_blank\" rel=\"noopener\" data-saferedirecturl=\"https:\/\/www.google.com\/url?q=https:\/\/www.cnil.fr&amp;source=gmail&amp;ust=1737552700709000&amp;usg=AOvVaw1bXJT5nMjmaZ4HB04y-nsA\">www.cnil.fr<\/a>.<\/p>\n<div><hr \/><\/div>\n<p><em>Derni\u00e8re mise \u00e0 jour : 21\/01\/2025<\/em><\/p>\n\n<p>\u00a0<\/p>\n\t\t\t\t\t\t\t\t<\/div>\n\t\t\t\t<\/div>\n\t\t\t\t<\/div>\n\t\t\t\t\t<\/div>\n\t\t\t\t<\/div>\n\t\t<div class=\"elementor-element elementor-element-578f98ea e-flex e-con-boxed e-con e-parent\" data-id=\"578f98ea\" data-element_type=\"container\" data-e-type=\"container\">\n\t\t\t\t\t<div class=\"e-con-inner\">\n\t\t\t\t\t<\/div>\n\t\t\t\t<\/div>\n\t\t\t\t<\/div>\n\t\t","protected":false},"excerpt":{"rendered":"<p>Mentions l\u00e9gales \u00c9diteur du site Le site https:\/\/defie-cnrs.fr\/ est \u00e9dit\u00e9 par le Groupement de Recherche DEFIE, un groupement de recherche (GDR) du Centre National de la Recherche Scientifique (CNRS) sur les Dispositifs \u00c9lectroniques \u00e0 Faibles Impacts Environnementaux (DEFIE).Directeur de publication : Pascal Xavier (Directeur du GDR DEFIE)Adresse : Laboratoire CROMA &#8211; UMR5130, 3, Parvis Louis [&hellip;]<\/p>\n","protected":false},"author":1,"featured_media":0,"parent":0,"menu_order":0,"comment_status":"closed","ping_status":"closed","template":"","meta":{"footnotes":""},"class_list":["post-3","page","type-page","status-publish","hentry"],"_links":{"self":[{"href":"https:\/\/defie-cnrs.fr\/index.php\/wp-json\/wp\/v2\/pages\/3","targetHints":{"allow":["GET"]}}],"collection":[{"href":"https:\/\/defie-cnrs.fr\/index.php\/wp-json\/wp\/v2\/pages"}],"about":[{"href":"https:\/\/defie-cnrs.fr\/index.php\/wp-json\/wp\/v2\/types\/page"}],"author":[{"embeddable":true,"href":"https:\/\/defie-cnrs.fr\/index.php\/wp-json\/wp\/v2\/users\/1"}],"replies":[{"embeddable":true,"href":"https:\/\/defie-cnrs.fr\/index.php\/wp-json\/wp\/v2\/comments?post=3"}],"version-history":[{"count":13,"href":"https:\/\/defie-cnrs.fr\/index.php\/wp-json\/wp\/v2\/pages\/3\/revisions"}],"predecessor-version":[{"id":290,"href":"https:\/\/defie-cnrs.fr\/index.php\/wp-json\/wp\/v2\/pages\/3\/revisions\/290"}],"wp:attachment":[{"href":"https:\/\/defie-cnrs.fr\/index.php\/wp-json\/wp\/v2\/media?parent=3"}],"curies":[{"name":"wp","href":"https:\/\/api.w.org\/{rel}","templated":true}]}}